{"id":709,"date":"2019-09-26T13:57:18","date_gmt":"2019-09-26T11:57:18","guid":{"rendered":"https:\/\/quatuhore.fr\/WP\/?page_id=709"},"modified":"2023-06-07T11:44:47","modified_gmt":"2023-06-07T09:44:47","slug":"stocks","status":"publish","type":"page","link":"https:\/\/vega-pms.com\/WP\/vega\/stocks\/","title":{"rendered":"Vega &#8211; stocks"},"content":{"rendered":"<section class=\"wpb-content-wrapper\"><p>[vc_row css_animation=\u00a0\u00bb\u00a0\u00bb row_type=\u00a0\u00bbrow\u00a0\u00bb use_row_as_full_screen_section=\u00a0\u00bbno\u00a0\u00bb type=\u00a0\u00bbgrid\u00a0\u00bb angled_section=\u00a0\u00bbno\u00a0\u00bb text_align=\u00a0\u00bbleft\u00a0\u00bb background_image_as_pattern=\u00a0\u00bbwithout_pattern\u00a0\u00bb css=\u00a0\u00bb.vc_custom_1476715002043{padding-top: 40px !important;padding-bottom: 40px !important;background-color: #ffffff !important;}\u00a0\u00bb][vc_column][qode_elements_holder number_of_columns=\u00a0\u00bbtwo_columns\u00a0\u00bb switch_to_one_column=\u00a0\u00bb1000&Prime;][qode_elements_holder_item vertical_alignment=\u00a0\u00bbtop\u00a0\u00bb advanced_animations=\u00a0\u00bbno\u00a0\u00bb item_padding=\u00a0\u00bb4% 4% 0 0&Prime; item_padding_1024_1280=\u00a0\u00bb7.5% 0 0 0&Prime; item_padding_768_1024=\u00a0\u00bb0 3% 0 0&Prime; item_padding_600_768=\u00a0\u00bb0 0 0 0&Prime; item_padding_480_600=\u00a0\u00bb0 0 0 0&Prime; item_padding_480=\u00a0\u00bb0 0 0 0&Prime;][vc_column_text]<\/p>\n<h3>G\u00e9rez vos achats et vos fournisseurs Rentabilisez vos achats, vos fournisseurs et vos stocks<\/h3>\n<p>[\/vc_column_text][vc_separator type=\u00a0\u00bbtransparent\u00a0\u00bb thickness=\u00a0\u00bb0&Prime; up=\u00a0\u00bb10&Prime; down=\u00a0\u00bb0&Prime;][vc_column_text]Des commandes \u00e0 passer ? VEGA vous informe et g\u00e9n\u00e8re les bons de commandes par fournisseur, des marchandises livr\u00e9es ? VEGA stocke. Des produits vendus ? VEGA d\u00e9stocke. Les mercuriales par produits et fournisseurs vous permettent d\u2019acheter au meilleur prix.[\/vc_column_text][vc_separator type=\u00a0\u00bbtransparent\u00a0\u00bb thickness=\u00a0\u00bb0&Prime; up=\u00a0\u00bb41&Prime; down=\u00a0\u00bb0&Prime;][vc_column_text]<\/p>\n<h3>Evaluez et valorisez vos stocks en quelques clics<\/h3>\n<p>[\/vc_column_text][vc_separator type=\u00a0\u00bbtransparent\u00a0\u00bb thickness=\u00a0\u00bb0&Prime; up=\u00a0\u00bb10&Prime; down=\u00a0\u00bb0&Prime;][vc_column_text]Les inventaires th\u00e9oriques et physique (lecture codes \u00e0 barres) et leur rapprochement sont effectu\u00e9s plus vite que jamais et avec une pr\u00e9cision in\u00e9gal\u00e9e, tant pour les liquides que les solides.[\/vc_column_text][vc_separator type=\u00a0\u00bbtransparent\u00a0\u00bb thickness=\u00a0\u00bb0&Prime; up=\u00a0\u00bb61&Prime; down=\u00a0\u00bb0&Prime;][\/qode_elements_holder_item][qode_elements_holder_item vertical_alignment=\u00a0\u00bbtop\u00a0\u00bb advanced_animations=\u00a0\u00bbno\u00a0\u00bb item_padding=\u00a0\u00bb4% 4% 0 0&Prime; item_padding_1024_1280=\u00a0\u00bb6.5% 0 0 0&Prime; item_padding_768_1024=\u00a0\u00bb0 0 0 3%\u00a0\u00bb item_padding_600_768=\u00a0\u00bb0 0 0 0&Prime; item_padding_480_600=\u00a0\u00bb0 0 0 0&Prime; item_padding_480=\u00a0\u00bb0 0 0 0&Prime;][vc_column_text]<\/p>\n<h3>Ma\u00eetrisez vos co\u00fbts de production, vos marges et ratios<\/h3>\n<p>[\/vc_column_text][vc_separator type=\u00a0\u00bbtransparent\u00a0\u00bb thickness=\u00a0\u00bb0&Prime; up=\u00a0\u00bb10&Prime; down=\u00a0\u00bb0&Prime;][vc_column_text]Gr\u00e2ce aux fiches techniques (boissons et denr\u00e9es) vous \u00e9valuez au plus juste vos co\u00fbts de revient. L\u2019assistant VEGA vous sugg\u00e8re des prix de ventes conformes \u00e0 votre politique de marges et de ratios et vous alerte en cas de d\u00e9rapage ![\/vc_column_text][vc_separator type=\u00a0\u00bbtransparent\u00a0\u00bb thickness=\u00a0\u00bb0&Prime; up=\u00a0\u00bb40&Prime; down=\u00a0\u00bb0&Prime;][vc_column_text]<\/p>\n<h3>Achetez, c\u2019est comptabilis\u00e9<\/h3>\n<p>[\/vc_column_text][vc_separator type=\u00a0\u00bbtransparent\u00a0\u00bb thickness=\u00a0\u00bb0&Prime; up=\u00a0\u00bb10&Prime; down=\u00a0\u00bb0&Prime;][vc_column_text]Saisissez vos achats dans VEGA, notre module d\u2019interface comptable se chargera d\u2019importer les \u00e9critures dans votre logiciel de comptabilit\u00e9 (sous r\u00e9serve de compatibilit\u00e9 \u2013 VEGA est connect\u00e9 \u00e0 plus de 20 logiciels de comptabilit\u00e9 !)[\/vc_column_text][vc_separator type=\u00a0\u00bbtransparent\u00a0\u00bb thickness=\u00a0\u00bb0&Prime; up=\u00a0\u00bb61&Prime; down=\u00a0\u00bb0&Prime;][\/qode_elements_holder_item][\/qode_elements_holder][\/vc_column][\/vc_row][vc_row css_animation=\u00a0\u00bb\u00a0\u00bb row_type=\u00a0\u00bbrow\u00a0\u00bb use_row_as_full_screen_section=\u00a0\u00bbno\u00a0\u00bb type=\u00a0\u00bbfull_width\u00a0\u00bb angled_section=\u00a0\u00bbno\u00a0\u00bb text_align=\u00a0\u00bbleft\u00a0\u00bb background_image_as_pattern=\u00a0\u00bbwithout_pattern\u00a0\u00bb z_index=\u00a0\u00bb\u00a0\u00bb][vc_column]<div class=\"call_to_action normal\" style=\"background-color: #f57318;\"><div class=\"container_inner\"><div class=\"two_columns_75_25 clearfix\"><div class=\"text_wrapper column1\"><div class=\"call_to_action_text  font_size_inherit\" style=\"font-size:15px;\">D\u00e9couvrez les nombreuses fonctionnalit\u00e9s disponibles et demandez une <strong>pr\u00e9sentation gratuite<\/strong>, personnalis\u00e9e et sans engagement en nous appelant.<\/div><\/div><div class=\"button_wrapper column2\"><a itemprop=\"url\" href=\"callto:01 86 86 02 00\" class=\"qbutton white \" target=\"_blank\" style=\"\" >01 86 86 02 00<\/a><\/div><\/div><\/div><\/div>[\/vc_column][\/vc_row]<\/p>\n<\/section>","protected":false},"excerpt":{"rendered":"<p>[vc_row css_animation=\u00a0\u00bb\u00a0\u00bb row_type=\u00a0\u00bbrow\u00a0\u00bb use_row_as_full_screen_section=\u00a0\u00bbno\u00a0\u00bb type=\u00a0\u00bbgrid\u00a0\u00bb angled_section=\u00a0\u00bbno\u00a0\u00bb text_align=\u00a0\u00bbleft\u00a0\u00bb background_image_as_pattern=\u00a0\u00bbwithout_pattern\u00a0\u00bb css=\u00a0\u00bb.vc_custom_1476715002043{padding-top: 40px !important;padding-bottom: 40px !important;background-color: #ffffff !important;}\u00a0\u00bb][vc_column][qode_elements_holder number_of_columns=\u00a0\u00bbtwo_columns\u00a0\u00bb switch_to_one_column=\u00a0\u00bb1000&Prime;][qode_elements_holder_item vertical_alignment=\u00a0\u00bbtop\u00a0\u00bb advanced_animations=\u00a0\u00bbno\u00a0\u00bb item_padding=\u00a0\u00bb4% 4% 0 0&Prime; item_padding_1024_1280=\u00a0\u00bb7.5% 0 0 0&Prime; item_padding_768_1024=\u00a0\u00bb0 3% 0 0&Prime; item_padding_600_768=\u00a0\u00bb0 0 0 0&Prime; item_padding_480_600=\u00a0\u00bb0 0 0 0&Prime; item_padding_480=\u00a0\u00bb0 0 0 0&Prime;][vc_column_text] G\u00e9rez vos&#8230;<\/p>\n","protected":false},"author":1,"featured_media":0,"parent":108,"menu_order":0,"comment_status":"closed","ping_status":"closed","template":"full_width.php","meta":[],"_links":{"self":[{"href":"https:\/\/vega-pms.com\/WP\/wp-json\/wp\/v2\/pages\/709"}],"collection":[{"href":"https:\/\/vega-pms.com\/WP\/wp-json\/wp\/v2\/pages"}],"about":[{"href":"https:\/\/vega-pms.com\/WP\/wp-json\/wp\/v2\/types\/page"}],"author":[{"embeddable":true,"href":"https:\/\/vega-pms.com\/WP\/wp-json\/wp\/v2\/users\/1"}],"replies":[{"embeddable":true,"href":"https:\/\/vega-pms.com\/WP\/wp-json\/wp\/v2\/comments?post=709"}],"version-history":[{"count":5,"href":"https:\/\/vega-pms.com\/WP\/wp-json\/wp\/v2\/pages\/709\/revisions"}],"predecessor-version":[{"id":1404,"href":"https:\/\/vega-pms.com\/WP\/wp-json\/wp\/v2\/pages\/709\/revisions\/1404"}],"up":[{"embeddable":true,"href":"https:\/\/vega-pms.com\/WP\/wp-json\/wp\/v2\/pages\/108"}],"wp:attachment":[{"href":"https:\/\/vega-pms.com\/WP\/wp-json\/wp\/v2\/media?parent=709"}],"curies":[{"name":"wp","href":"https:\/\/api.w.org\/{rel}","templated":true}]}}