{"id":5,"date":"2016-02-17T14:13:53","date_gmt":"2016-02-17T14:13:53","guid":{"rendered":"http:\/\/bridge9.qodeinteractive.com\/?page_id=5"},"modified":"2025-07-04T11:08:56","modified_gmt":"2025-07-04T09:08:56","slug":"home","status":"publish","type":"page","link":"https:\/\/vega-pms.com\/WP\/","title":{"rendered":"Accueil"},"content":{"rendered":"<section class=\"wpb-content-wrapper\"><p>[vc_row css_animation=\u00a0\u00bb\u00a0\u00bb row_type=\u00a0\u00bbrow\u00a0\u00bb use_row_as_full_screen_section=\u00a0\u00bbno\u00a0\u00bb type=\u00a0\u00bbgrid\u00a0\u00bb angled_section=\u00a0\u00bbno\u00a0\u00bb text_align=\u00a0\u00bbcenter\u00a0\u00bb background_image_as_pattern=\u00a0\u00bbwithout_pattern\u00a0\u00bb css=\u00a0\u00bb.vc_custom_1477556425247{padding-top: 64px !important;background-color: #f7f7f7 !important;}\u00a0\u00bb][vc_column][vc_column_text]<\/p>\n<h2 style=\"text-align: center;\">VEGA PMS<\/h2>\n<h3 style=\"text-align: center;\">Un logiciel tout-en-un pour digitaliser et simplifier votre gestion h\u00f4teli\u00e8re<\/h3>\n<p>[\/vc_column_text][\/vc_column][\/vc_row][vc_row css_animation=\u00a0\u00bb\u00a0\u00bb row_type=\u00a0\u00bbrow\u00a0\u00bb use_row_as_full_screen_section=\u00a0\u00bbno\u00a0\u00bb type=\u00a0\u00bbgrid\u00a0\u00bb angled_section=\u00a0\u00bbno\u00a0\u00bb text_align=\u00a0\u00bbcenter\u00a0\u00bb background_image_as_pattern=\u00a0\u00bbwithout_pattern\u00a0\u00bb css=\u00a0\u00bb.vc_custom_1477556431525{padding-top: 20px !important;background-color: #f7f7f7 !important;}\u00a0\u00bb][vc_column width=\u00a0\u00bb1\/3&Prime; css=\u00a0\u00bb.vc_custom_1477560781697{padding-right: 30px !important;}\u00a0\u00bb]<span data-type=\"circle\" data-hover-bg-color=\"#f05f22\" data-hover-icon-color=\"#ffffff\" class=\"qode_icon_shortcode fa-stack q_font_awsome_icon_stack fa-lg  \" style=\"font-size: 35px;font-size: 45px; \"><i class=\"fa fa-circle fa-stack-base fa-stack-2x\" style=\"color: #ffffff;\"><\/i><i class=\"qodef-icon-linea-icon icon-basic-elaboration-message-check qode_icon_element fa-stack-1x\" style=\"font-size: 35px;color: #f05f22;\" ><\/i><\/span>[vc_separator type=\u00a0\u00bbtransparent\u00a0\u00bb thickness=\u00a0\u00bb0&Prime; up=\u00a0\u00bb29&Prime; down=\u00a0\u00bb0&Prime;][vc_column_text]<\/p>\n<h4>Un logiciel PMS h\u00f4tel con\u00e7u avec vous, pour vous<\/h4>\n<p>[\/vc_column_text][vc_separator type=\u00a0\u00bbtransparent\u00a0\u00bb thickness=\u00a0\u00bb0&Prime; up=\u00a0\u00bb21&Prime; down=\u00a0\u00bb0&Prime;][vc_column_text]<\/p>\n<p style=\"text-align: justify;\">Depuis plus de 25 ans, nous concevons des logiciels de gestion h\u00f4teli\u00e8re pens\u00e9s pour <strong>simplifier votre quotidien<\/strong>.<\/p>\n<p>&nbsp;<\/p>\n<p style=\"text-align: justify;\">Notre PMS h\u00f4tel tout-en-un est <strong>le fruit de votre exp\u00e9rience et de nos \u00e9changes avec des professionnels du secteur<\/strong>.<\/p>\n<p>&nbsp;<\/p>\n<p style=\"text-align: justify;\">Intuitif, complet et \u00e9volutif, il s\u2019adapte parfaitement aux besoins r\u00e9els de votre \u00e9tablissement, quels que soient sa taille ou son positionnement.<\/p>\n<p>[\/vc_column_text][vc_separator type=\u00a0\u00bbtransparent\u00a0\u00bb thickness=\u00a0\u00bb0&Prime; up=\u00a0\u00bb50&Prime; down=\u00a0\u00bb0&Prime;][\/vc_column][vc_column width=\u00a0\u00bb1\/3&Prime; css=\u00a0\u00bb.vc_custom_1477560789194{padding-right: 30px !important;padding-left: 30px !important;}\u00a0\u00bb]<span data-type=\"circle\" data-hover-bg-color=\"#f05f22\" data-hover-icon-color=\"#ffffff\" class=\"qode_icon_shortcode fa-stack q_font_awsome_icon_stack fa-lg  \" style=\"font-size: 35px;font-size: 45px; \"><i class=\"fa fa-circle fa-stack-base fa-stack-2x\" style=\"color: #ffffff;\"><\/i><i class=\"qodef-icon-linea-icon icon-basic-message-txt qode_icon_element fa-stack-1x\" style=\"font-size: 35px;color: #f05f22;\" ><\/i><\/span>[vc_separator type=\u00a0\u00bbtransparent\u00a0\u00bb thickness=\u00a0\u00bb0&Prime; up=\u00a0\u00bb29&Prime; down=\u00a0\u00bb0&Prime;][vc_column_text]<\/p>\n<h4>Un accompagnement de proximit\u00e9, partout en France<\/h4>\n<p>[\/vc_column_text][vc_separator type=\u00a0\u00bbtransparent\u00a0\u00bb thickness=\u00a0\u00bb0&Prime; up=\u00a0\u00bb21&Prime; down=\u00a0\u00bb0&Prime;][vc_column_text]<\/p>\n<p style=\"text-align: justify;\">Gr\u00e2ce \u00e0 notre <a href=\"https:\/\/vega-pms.com\/WP\/contact\/\">r\u00e9seau unique<\/a> et d\u00e9centralis\u00e9 d\u2019agences Zucchetti France,<strong> nous vous offrons un service local r\u00e9actif<\/strong>, avec des \u00e9quipes aux comp\u00e9tences h\u00f4teli\u00e8res reconnues.<\/p>\n<p>&nbsp;<\/p>\n<p style=\"text-align: justify;\">Partout en France, <strong>nos experts vous accompagnent dans l\u2019impl\u00e9mentation et l\u2019\u00e9volution<\/strong> de votre logiciel de gestion h\u00f4teli\u00e8re.<\/p>\n<p>&nbsp;<\/p>\n<p style=\"text-align: justify;\">Aujourd\u2019hui, pr\u00e8s de 2 000 \u00e9tablissements nous font confiance, soit <strong>plus de 12 000 utilisateurs au quotidien<\/strong> : des r\u00e9f\u00e9rences concr\u00e8tes qui t\u00e9moignent de la fiabilit\u00e9 de nos solutions.<\/p>\n<p>[\/vc_column_text][vc_separator type=\u00a0\u00bbtransparent\u00a0\u00bb thickness=\u00a0\u00bb0&Prime; up=\u00a0\u00bb50&Prime; down=\u00a0\u00bb0&Prime;][\/vc_column][vc_column width=\u00a0\u00bb1\/3&Prime; css=\u00a0\u00bb.vc_custom_1477560794508{padding-left: 30px !important;}\u00a0\u00bb]<span data-type=\"circle\" data-hover-bg-color=\"#f05f22\" data-hover-icon-color=\"#ffffff\" class=\"qode_icon_shortcode fa-stack q_font_awsome_icon_stack fa-lg  \" style=\"font-size: 35px;font-size: 45px; \"><i class=\"fa fa-circle fa-stack-base fa-stack-2x\" style=\"color: #ffffff;\"><\/i><i class=\"qodef-icon-linea-icon icon-basic-message-multiple qode_icon_element fa-stack-1x\" style=\"font-size: 35px;color: #f05f22;\" ><\/i><\/span>[vc_separator type=\u00a0\u00bbtransparent\u00a0\u00bb thickness=\u00a0\u00bb0&Prime; up=\u00a0\u00bb29&Prime; down=\u00a0\u00bb0&Prime;][vc_column_text]<\/p>\n<h4>Des logiciels de gestion h\u00f4teli\u00e8re adapt\u00e9s \u00e0 tous les \u00e9tablissements<\/h4>\n<p>[\/vc_column_text][vc_separator type=\u00a0\u00bbtransparent\u00a0\u00bb thickness=\u00a0\u00bb0&Prime; up=\u00a0\u00bb21&Prime; down=\u00a0\u00bb0&Prime;][vc_column_text]<\/p>\n<p style=\"text-align: justify;\">Notre <a href=\"https:\/\/vega-pms.com\/WP\/vega\/\"><strong>PMS VEGA<\/strong><\/a> <strong>s\u2019adapte \u00e0 tous les types d\u2019\u00e9tablissements<\/strong> : h\u00f4tels ind\u00e9pendants, cha\u00eenes, r\u00e9sidences de tourisme, \u00e9tablissements avec restaurant, spa, s\u00e9minaires ou activit\u00e9s bien-\u00eatre.<\/p>\n<p>&nbsp;<\/p>\n<p style=\"text-align: justify;\">Quel que soit votre positionnement, <strong>notre logiciel de gestion h\u00f4teli\u00e8re vous apporte une r\u00e9ponse sur mesure<\/strong>, \u00e9volutive et performante.<\/p>\n<p>&nbsp;<\/p>\n<p style=\"text-align: justify;\">Nos \u00e9quipes sont compos\u00e9es de professionnels issus du secteur h\u00f4telier. Ils parlent votre langage, comprennent vos enjeux, et vous accompagnent avec pragmatisme et efficacit\u00e9.<\/p>\n<p>[\/vc_column_text][vc_separator type=\u00a0\u00bbtransparent\u00a0\u00bb thickness=\u00a0\u00bb0&Prime; up=\u00a0\u00bb50&Prime; down=\u00a0\u00bb0&Prime;][\/vc_column][\/vc_row][vc_row css_animation=\u00a0\u00bb\u00a0\u00bb row_type=\u00a0\u00bbrow\u00a0\u00bb use_row_as_full_screen_section=\u00a0\u00bbno\u00a0\u00bb type=\u00a0\u00bbgrid\u00a0\u00bb angled_section=\u00a0\u00bbno\u00a0\u00bb text_align=\u00a0\u00bbleft\u00a0\u00bb background_image_as_pattern=\u00a0\u00bbwithout_pattern\u00a0\u00bb css=\u00a0\u00bb.vc_custom_1476728201672{padding-top: 50px !important;padding-bottom: 50px !important;background-color: #ffffff !important;}\u00a0\u00bb][vc_column width=\u00a0\u00bb1\/3&Prime;]<div class=\"q_counter_holder  left boxed_counter\" style=\"\" data-digit=\"25\"><span class=\"counter  zero\" style=\"\">25<\/span><span class=\"separator small\" style=\"\"><\/span><p class=\"counter_text\" style=\"\">ann\u00e9es d'exp\u00e9rience dans le domaine<\/p><\/div>[\/vc_column][vc_column width=\u00a0\u00bb1\/3&Prime;]<div class=\"q_counter_holder  left boxed_counter\" style=\"\" data-digit=\"4\"><span class=\"counter  zero\" style=\"\">4<\/span><span class=\"separator small\" style=\"\"><\/span><p class=\"counter_text\" style=\"\">agences r\u00e9gionales sur tout le territoire<\/p><\/div>[\/vc_column][vc_column width=\u00a0\u00bb1\/3&Prime;]<div class=\"q_counter_holder  left boxed_counter\" style=\"\" data-digit=\"11973\"><span class=\"counter  zero\" style=\"\">11973<\/span><span class=\"separator small\" style=\"\"><\/span><p class=\"counter_text\" style=\"\">utilisateurs quotidiens de notre logiciel VEGA<\/p><\/div>[\/vc_column][\/vc_row][vc_row css_animation=\u00a0\u00bb\u00a0\u00bb row_type=\u00a0\u00bbrow\u00a0\u00bb use_row_as_full_screen_section=\u00a0\u00bbno\u00a0\u00bb type=\u00a0\u00bbgrid\u00a0\u00bb angled_section=\u00a0\u00bbno\u00a0\u00bb text_align=\u00a0\u00bbleft\u00a0\u00bb background_image_as_pattern=\u00a0\u00bbwithout_pattern\u00a0\u00bb css=\u00a0\u00bb.vc_custom_1476731649030{padding-bottom: 50px !important;background-color: #ffffff !important;}\u00a0\u00bb][vc_column]<div class='qode_carousels_holder clearfix'><div class='qode_carousels' data-number-of-visible-items=''><ul class='slides'>Sorry, no posts matched your criteria.<\/ul><\/div><\/div>[\/vc_column][\/vc_row][vc_row css_animation=\u00a0\u00bb\u00a0\u00bb row_type=\u00a0\u00bbrow\u00a0\u00bb use_row_as_full_screen_section=\u00a0\u00bbno\u00a0\u00bb type=\u00a0\u00bbfull_width\u00a0\u00bb angled_section=\u00a0\u00bbno\u00a0\u00bb text_align=\u00a0\u00bbleft\u00a0\u00bb background_image_as_pattern=\u00a0\u00bbwithout_pattern\u00a0\u00bb][vc_column offset=\u00a0\u00bbvc_hidden-lg vc_hidden-md vc_hidden-sm vc_hidden-xs\u00a0\u00bb]<div class=\"call_to_action normal\" style=\"background-color: #bed62f;\"><div class=\"container_inner\"><div class=\"two_columns_75_25 clearfix\"><div class=\"text_wrapper column1\"><div class=\"call_to_action_text  font_size_inherit\" style=\"font-size:17px;\"><strong>Retrouvez-nous sur les r\u00e9seaux sociaux !<\/strong><\/div><\/div><div class=\"button_wrapper column2\"><a itemprop=\"url\" href=\"https:\/\/www.linkedin.com\/company\/vega-groupe-quatuhore\/?viewAsMember=true\" class=\"qbutton white \" target=\"_blank\" style=\"\" >Quatuhore sur LinkedIn<\/a><\/div><\/div><\/div><\/div>[\/vc_column][\/vc_row][vc_row css_animation=\u00a0\u00bb\u00a0\u00bb row_type=\u00a0\u00bbrow\u00a0\u00bb use_row_as_full_screen_section=\u00a0\u00bbno\u00a0\u00bb type=\u00a0\u00bbfull_width\u00a0\u00bb angled_section=\u00a0\u00bbno\u00a0\u00bb text_align=\u00a0\u00bbleft\u00a0\u00bb background_image_as_pattern=\u00a0\u00bbwithout_pattern\u00a0\u00bb][vc_column]<div class=\"qode-advanced-call-to-action qode-advanced-cta-gradient qode-advanced-cta-gradient-animation\" style=\"height:110pxpx\">\n\t<a class=\"advanced-cta-link\" href=\"https:\/\/www.linkedin.com\/company\/zucchetti-france\/\" target=\"_blank\"><\/a>\n\t<div class=\"qode-advanced-cta-content\">\t\t\n\t    <span class=\"qode-advanced-cta-text-holder\" style=\"font-size:17px;font-weight:700\">\n\t\t    RETROUVEZ-NOUS SUR LINKEDIN !\t    <\/span>\n\t    <span class=\"qode-advanced-cta-icon-holder\" style=\"height:45px;width:45px\">\n\t\t    <span class=\"qode-advanced-cta-icon-holder-table\">\n\t\t    \t<span class=\"qode-advanced-cta-icon-holder-cell\" >\n\t\t\t    \t<i class=\"qode_icon_font_awesome fa fa-linkedin-square qode-advanced-cta-icon\" ><\/i>\t\t\t    <\/span>\n\t\t    <\/span>\n\t\t    \t    <\/span>\n\t<\/div>\n\t\t\t<div class=\"qode-advanced-cta-background-holder\">\n\t\t\t<span class=\"qode-advanced-cta-background-1 qode-type1-gradient-left-to-right\"><\/span>\n\t\t\t<span class=\"qode-advanced-cta-background-2 qode-type1-gradient-left-to-right\"><\/span>\n\t\t\t<span class=\"qode-advanced-cta-background-3\"><\/span>\n\t\t<\/div>\n\t<\/div>[\/vc_column][\/vc_row]<\/p>\n<\/section>","protected":false},"excerpt":{"rendered":"<p>[vc_row css_animation=\u00a0\u00bb\u00a0\u00bb row_type=\u00a0\u00bbrow\u00a0\u00bb use_row_as_full_screen_section=\u00a0\u00bbno\u00a0\u00bb type=\u00a0\u00bbgrid\u00a0\u00bb angled_section=\u00a0\u00bbno\u00a0\u00bb text_align=\u00a0\u00bbcenter\u00a0\u00bb background_image_as_pattern=\u00a0\u00bbwithout_pattern\u00a0\u00bb css=\u00a0\u00bb.vc_custom_1477556425247{padding-top: 64px !important;background-color: #f7f7f7 !important;}\u00a0\u00bb][vc_column][vc_column_text] VEGA PMS Un logiciel tout-en-un pour digitaliser et simplifier votre gestion h\u00f4teli\u00e8re [\/vc_column_text][\/vc_column][\/vc_row][vc_row css_animation=\u00a0\u00bb\u00a0\u00bb row_type=\u00a0\u00bbrow\u00a0\u00bb use_row_as_full_screen_section=\u00a0\u00bbno\u00a0\u00bb type=\u00a0\u00bbgrid\u00a0\u00bb angled_section=\u00a0\u00bbno\u00a0\u00bb text_align=\u00a0\u00bbcenter\u00a0\u00bb background_image_as_pattern=\u00a0\u00bbwithout_pattern\u00a0\u00bb css=\u00a0\u00bb.vc_custom_1477556431525{padding-top: 20px !important;background-color: #f7f7f7 !important;}\u00a0\u00bb][vc_column width=\u00a0\u00bb1\/3&Prime; css=\u00a0\u00bb.vc_custom_1477560781697{padding-right: 30px !important;}\u00a0\u00bb][vc_separator type=\u00a0\u00bbtransparent\u00a0\u00bb thickness=\u00a0\u00bb0&Prime; up=\u00a0\u00bb29&Prime;&#8230;<\/p>\n","protected":false},"author":1,"featured_media":0,"parent":0,"menu_order":0,"comment_status":"closed","ping_status":"closed","template":"full_width.php","meta":[],"_links":{"self":[{"href":"https:\/\/vega-pms.com\/WP\/wp-json\/wp\/v2\/pages\/5"}],"collection":[{"href":"https:\/\/vega-pms.com\/WP\/wp-json\/wp\/v2\/pages"}],"about":[{"href":"https:\/\/vega-pms.com\/WP\/wp-json\/wp\/v2\/types\/page"}],"author":[{"embeddable":true,"href":"https:\/\/vega-pms.com\/WP\/wp-json\/wp\/v2\/users\/1"}],"replies":[{"embeddable":true,"href":"https:\/\/vega-pms.com\/WP\/wp-json\/wp\/v2\/comments?post=5"}],"version-history":[{"count":15,"href":"https:\/\/vega-pms.com\/WP\/wp-json\/wp\/v2\/pages\/5\/revisions"}],"predecessor-version":[{"id":1480,"href":"https:\/\/vega-pms.com\/WP\/wp-json\/wp\/v2\/pages\/5\/revisions\/1480"}],"wp:attachment":[{"href":"https:\/\/vega-pms.com\/WP\/wp-json\/wp\/v2\/media?parent=5"}],"curies":[{"name":"wp","href":"https:\/\/api.w.org\/{rel}","templated":true}]}}