{"id":418,"date":"2016-10-23T21:16:11","date_gmt":"2016-10-23T19:16:11","guid":{"rendered":"http:\/\/quatuhore.fr\/WP\/?page_id=418"},"modified":"2023-06-07T11:44:27","modified_gmt":"2023-06-07T09:44:27","slug":"spa","status":"publish","type":"page","link":"https:\/\/vega-pms.com\/WP\/vega\/spa\/","title":{"rendered":"Vega &#8211; SPA"},"content":{"rendered":"<section class=\"wpb-content-wrapper\"><p>[vc_row css_animation=\u00a0\u00bb\u00a0\u00bb row_type=\u00a0\u00bbrow\u00a0\u00bb use_row_as_full_screen_section=\u00a0\u00bbno\u00a0\u00bb type=\u00a0\u00bbgrid\u00a0\u00bb angled_section=\u00a0\u00bbno\u00a0\u00bb text_align=\u00a0\u00bbleft\u00a0\u00bb background_image_as_pattern=\u00a0\u00bbwithout_pattern\u00a0\u00bb css=\u00a0\u00bb.vc_custom_1476715002043{padding-top: 40px !important;padding-bottom: 40px !important;background-color: #ffffff !important;}\u00a0\u00bb][vc_column][qode_elements_holder number_of_columns=\u00a0\u00bbtwo_columns\u00a0\u00bb switch_to_one_column=\u00a0\u00bb1000&Prime;][qode_elements_holder_item vertical_alignment=\u00a0\u00bbmiddle\u00a0\u00bb advanced_animations=\u00a0\u00bbno\u00a0\u00bb item_padding=\u00a0\u00bb4% 4% 0 0&Prime; item_padding_1024_1280=\u00a0\u00bb7.5% 0 0 0&Prime; item_padding_768_1024=\u00a0\u00bb0 3% 0 0&Prime; item_padding_600_768=\u00a0\u00bb0 0 0 0&Prime; item_padding_480_600=\u00a0\u00bb0 0 0 0&Prime; item_padding_480=\u00a0\u00bb0 0 0 0&Prime;][vc_column_text]<\/p>\n<h3>Un planning d\u2019occupation \u00e0 l\u2019heure<\/h3>\n<p>[\/vc_column_text][vc_separator type=\u00a0\u00bbtransparent\u00a0\u00bb thickness=\u00a0\u00bb0&Prime; up=\u00a0\u00bb10&Prime; down=\u00a0\u00bb0&Prime;][vc_column_text]Visualisez les disponibilit\u00e9s et r\u00e9servations des cabines de soins par tranche horaire, par esth\u00e9ticienne. Gr\u00e2ce \u00e0 l\u2019assistant r\u00e9servation, optimisez votre remplissage aussi bien pour des clients r\u00e9sidents que des clients ext\u00e9rieurs.[\/vc_column_text][vc_separator type=\u00a0\u00bbtransparent\u00a0\u00bb thickness=\u00a0\u00bb0&Prime; up=\u00a0\u00bb41&Prime; down=\u00a0\u00bb0&Prime;][vc_column_text]<\/p>\n<h3>Vos clients ne manquent plus aucun rendez-vous !<\/h3>\n<p>[\/vc_column_text][vc_separator type=\u00a0\u00bbtransparent\u00a0\u00bb thickness=\u00a0\u00bb0&Prime; up=\u00a0\u00bb10&Prime; down=\u00a0\u00bb0&Prime;][vc_column_text]Envoyez des mails et SMS \u00e0 vos clients directement \u00e0 partir de la fiche de r\u00e9servation. D\u2019un clic, vous leur rappelez leur prochain rendez-vous. Les esth\u00e9ticiennes re\u00e7oivent leur planning de r\u00e9servation directement par mail.[\/vc_column_text][vc_separator type=\u00a0\u00bbtransparent\u00a0\u00bb thickness=\u00a0\u00bb0&Prime; up=\u00a0\u00bb41&Prime; down=\u00a0\u00bb0&Prime;][vc_column_text]<\/p>\n<h3>Vendez des bons cadeaux<\/h3>\n<p>[\/vc_column_text][vc_separator type=\u00a0\u00bbtransparent\u00a0\u00bb thickness=\u00a0\u00bb0&Prime; up=\u00a0\u00bb10&Prime; down=\u00a0\u00bb0&Prime;][vc_column_text]D\u00e9veloppez votre activit\u00e9 \u00ab\u00a0spa et bien-\u00eatre\u00a0\u00bb en commercialisant des bons cadeaux\u2026 ils sont g\u00e9r\u00e9s par le logiciel.[\/vc_column_text][vc_separator type=\u00a0\u00bbtransparent\u00a0\u00bb thickness=\u00a0\u00bb0&Prime; up=\u00a0\u00bb61&Prime; down=\u00a0\u00bb0&Prime;][\/qode_elements_holder_item][\/qode_elements_holder][\/vc_column][\/vc_row][vc_row css_animation=\u00a0\u00bb\u00a0\u00bb row_type=\u00a0\u00bbrow\u00a0\u00bb use_row_as_full_screen_section=\u00a0\u00bbno\u00a0\u00bb type=\u00a0\u00bbfull_width\u00a0\u00bb angled_section=\u00a0\u00bbno\u00a0\u00bb text_align=\u00a0\u00bbleft\u00a0\u00bb background_image_as_pattern=\u00a0\u00bbwithout_pattern\u00a0\u00bb z_index=\u00a0\u00bb\u00a0\u00bb][vc_column]<div class=\"call_to_action normal\" style=\"background-color: #f57318;\"><div class=\"container_inner\"><div class=\"two_columns_75_25 clearfix\"><div class=\"text_wrapper column1\"><div class=\"call_to_action_text  font_size_inherit\" style=\"font-size:15px;\">D\u00e9couvrez les nombreuses fonctionnalit\u00e9s disponibles et demandez une <strong>pr\u00e9sentation gratuite<\/strong>, personnalis\u00e9e et sans engagement en nous appelant.<\/div><\/div><div class=\"button_wrapper column2\"><a itemprop=\"url\" href=\"callto:01 86 86 02 00\" class=\"qbutton white \" target=\"_blank\" style=\"\" >01 86 86 02 00<\/a><\/div><\/div><\/div><\/div>[\/vc_column][\/vc_row]<\/p>\n<\/section>","protected":false},"excerpt":{"rendered":"<p>[vc_row css_animation=\u00a0\u00bb\u00a0\u00bb row_type=\u00a0\u00bbrow\u00a0\u00bb use_row_as_full_screen_section=\u00a0\u00bbno\u00a0\u00bb type=\u00a0\u00bbgrid\u00a0\u00bb angled_section=\u00a0\u00bbno\u00a0\u00bb text_align=\u00a0\u00bbleft\u00a0\u00bb background_image_as_pattern=\u00a0\u00bbwithout_pattern\u00a0\u00bb css=\u00a0\u00bb.vc_custom_1476715002043{padding-top: 40px !important;padding-bottom: 40px !important;background-color: #ffffff !important;}\u00a0\u00bb][vc_column][qode_elements_holder number_of_columns=\u00a0\u00bbtwo_columns\u00a0\u00bb switch_to_one_column=\u00a0\u00bb1000&Prime;][qode_elements_holder_item vertical_alignment=\u00a0\u00bbmiddle\u00a0\u00bb advanced_animations=\u00a0\u00bbno\u00a0\u00bb item_padding=\u00a0\u00bb4% 4% 0 0&Prime; item_padding_1024_1280=\u00a0\u00bb7.5% 0 0 0&Prime; item_padding_768_1024=\u00a0\u00bb0 3% 0 0&Prime; item_padding_600_768=\u00a0\u00bb0 0 0 0&Prime; item_padding_480_600=\u00a0\u00bb0 0 0 0&Prime; item_padding_480=\u00a0\u00bb0 0 0 0&Prime;][vc_column_text] Un planning&#8230;<\/p>\n","protected":false},"author":1,"featured_media":0,"parent":108,"menu_order":0,"comment_status":"closed","ping_status":"closed","template":"full_width.php","meta":[],"_links":{"self":[{"href":"https:\/\/vega-pms.com\/WP\/wp-json\/wp\/v2\/pages\/418"}],"collection":[{"href":"https:\/\/vega-pms.com\/WP\/wp-json\/wp\/v2\/pages"}],"about":[{"href":"https:\/\/vega-pms.com\/WP\/wp-json\/wp\/v2\/types\/page"}],"author":[{"embeddable":true,"href":"https:\/\/vega-pms.com\/WP\/wp-json\/wp\/v2\/users\/1"}],"replies":[{"embeddable":true,"href":"https:\/\/vega-pms.com\/WP\/wp-json\/wp\/v2\/comments?post=418"}],"version-history":[{"count":5,"href":"https:\/\/vega-pms.com\/WP\/wp-json\/wp\/v2\/pages\/418\/revisions"}],"predecessor-version":[{"id":1403,"href":"https:\/\/vega-pms.com\/WP\/wp-json\/wp\/v2\/pages\/418\/revisions\/1403"}],"up":[{"embeddable":true,"href":"https:\/\/vega-pms.com\/WP\/wp-json\/wp\/v2\/pages\/108"}],"wp:attachment":[{"href":"https:\/\/vega-pms.com\/WP\/wp-json\/wp\/v2\/media?parent=418"}],"curies":[{"name":"wp","href":"https:\/\/api.w.org\/{rel}","templated":true}]}}