{"id":329,"date":"2016-10-17T18:31:05","date_gmt":"2016-10-17T16:31:05","guid":{"rendered":"http:\/\/quatuhore.fr\/WP\/?page_id=329"},"modified":"2023-06-12T14:24:16","modified_gmt":"2023-06-12T12:24:16","slug":"restaurants","status":"publish","type":"page","link":"https:\/\/vega-pms.com\/WP\/vega\/restaurants\/","title":{"rendered":"Vega &#8211; restaurants"},"content":{"rendered":"<section class=\"wpb-content-wrapper\"><p>[vc_row row_type=\u00a0\u00bbrow\u00a0\u00bb use_row_as_full_screen_section=\u00a0\u00bbno\u00a0\u00bb type=\u00a0\u00bbgrid\u00a0\u00bb angled_section=\u00a0\u00bbno\u00a0\u00bb text_align=\u00a0\u00bbleft\u00a0\u00bb background_image_as_pattern=\u00a0\u00bbwithout_pattern\u00a0\u00bb css=\u00a0\u00bb.vc_custom_1476715002043{padding-top: 40px !important;padding-bottom: 40px !important;background-color: #ffffff !important;}\u00a0\u00bb][vc_column][vc_column_text][qode_elements_holder number_of_columns=\u00a0\u00bbtwo_columns\u00a0\u00bb switch_to_one_column=\u00a0\u00bb1000&Prime;][qode_elements_holder_item vertical_alignment=\u00a0\u00bbtop\u00a0\u00bb advanced_animations=\u00a0\u00bbno\u00a0\u00bb item_padding=\u00a0\u00bb4% 4% 0 0&Prime; item_padding_1024_1280=\u00a0\u00bb7.5% 0 0 0&Prime; item_padding_768_1024=\u00a0\u00bb0 3% 0 0&Prime; item_padding_600_768=\u00a0\u00bb0 0 0 0&Prime; item_padding_480_600=\u00a0\u00bb0 0 0 0&Prime; item_padding_480=\u00a0\u00bb0 0 0 0&Prime;][vc_column_text]<\/p>\n<h3>Commercialisez efficacement votre restaurant<\/h3>\n<p>[\/vc_column_text][vc_separator type=\u00a0\u00bbtransparent\u00a0\u00bb thickness=\u00a0\u00bb0&Prime; up=\u00a0\u00bb10&Prime; down=\u00a0\u00bb0&Prime;][vc_column_text]Gr\u00e2ce aux outils d\u2019emails et de SMS internes \u00e0 VEGA, vous r\u00e9alisez des emailings, SMS mailing, newsletter en toute simplicit\u00e9 et en toute libert\u00e9.[\/vc_column_text][vc_separator type=\u00a0\u00bbtransparent\u00a0\u00bb thickness=\u00a0\u00bb0&Prime; up=\u00a0\u00bb41&Prime; down=\u00a0\u00bb0&Prime;][vc_column_text]<\/p>\n<h3>G\u00e9rez vos r\u00e9servations de tables<\/h3>\n<p>[\/vc_column_text][vc_separator type=\u00a0\u00bbtransparent\u00a0\u00bb thickness=\u00a0\u00bb0&Prime; up=\u00a0\u00bb10&Prime; down=\u00a0\u00bb0&Prime;][vc_column_text]Coupl\u00e9 au fichier clients VEGA, le cahier des r\u00e9servations <em>(prochainement sur le Web)<\/em> permet d\u2019optimiser le remplissage de votre restaurant : plans de salle, gestion des horaires, des manifestations\u2026<\/p>\n<p>Vous visualisez directement, les habitudes, les pr\u00e9f\u00e9rences et l\u2019historique de vos clients.[\/vc_column_text][vc_separator type=\u00a0\u00bbtransparent\u00a0\u00bb thickness=\u00a0\u00bb0&Prime; up=\u00a0\u00bb61&Prime; down=\u00a0\u00bb0&Prime;][vc_column_text]<\/p>\n<h3>Facturez sans rien oublier<\/h3>\n<p>[\/vc_column_text][vc_separator type=\u00a0\u00bbtransparent\u00a0\u00bb thickness=\u00a0\u00bb0&Prime; up=\u00a0\u00bb10&Prime; down=\u00a0\u00bb0&Prime;][vc_column_text]<\/p>\n<p>L\u2019interface simplifi\u00e9e de facturation bar, restaurant, VAE, Self\u2026 permet de saisir tr\u00e8s rapidement (sur \u00e9cran tactile), les commandes des clients (avec envoi de bons de production). La facturation \u00ab \u00e0 la table du client \u00bb se fait directement sur tablettes ou PDAs. Vous faites moins de pas, vous travaillez plus vite.<\/p>\n<p>[\/vc_column_text][vc_separator type=\u00a0\u00bbtransparent\u00a0\u00bb thickness=\u00a0\u00bb0&Prime; up=\u00a0\u00bb61&Prime; down=\u00a0\u00bb0&Prime;][\/vc_column][\/vc_row][vc_row row_type=\u00a0\u00bbrow\u00a0\u00bb use_row_as_full_screen_section=\u00a0\u00bbno\u00a0\u00bb type=\u00a0\u00bbfull_width\u00a0\u00bb angled_section=\u00a0\u00bbno\u00a0\u00bb text_align=\u00a0\u00bbleft\u00a0\u00bb background_image_as_pattern=\u00a0\u00bbwithout_pattern\u00a0\u00bb z_index=\u00a0\u00bb\u00a0\u00bb][vc_column][vc_column_text]<div class=\"call_to_action normal\" style=\"background-color: #f57318;\"><div class=\"container_inner\"><div class=\"two_columns_75_25 clearfix\"><div class=\"text_wrapper column1\"><div class=\"call_to_action_text  font_size_inherit\" style=\"font-size:15px;\">D\u00e9couvrez les nombreuses fonctionnalit\u00e9s disponibles et demandez une <strong>pr\u00e9sentation gratuite<\/strong>, personnalis\u00e9e et sans engagement en nous appelant<em>.<\/em><\/div><\/div><div class=\"button_wrapper column2\"><a itemprop=\"url\" href=\"callto:0186860200\" class=\"qbutton white \" target=\"_blank\" style=\"\" >01 86 86 02 00<\/a><\/div><\/div><\/div><\/div>[\/vc_column_text][\/vc_column][\/vc_row]<\/p>\n<\/section>","protected":false},"excerpt":{"rendered":"<p>[vc_row row_type=\u00a0\u00bbrow\u00a0\u00bb use_row_as_full_screen_section=\u00a0\u00bbno\u00a0\u00bb type=\u00a0\u00bbgrid\u00a0\u00bb angled_section=\u00a0\u00bbno\u00a0\u00bb text_align=\u00a0\u00bbleft\u00a0\u00bb background_image_as_pattern=\u00a0\u00bbwithout_pattern\u00a0\u00bb css=\u00a0\u00bb.vc_custom_1476715002043{padding-top: 40px !important;padding-bottom: 40px !important;background-color: #ffffff !important;}\u00a0\u00bb][vc_column][vc_column_text][qode_elements_holder number_of_columns=\u00a0\u00bbtwo_columns\u00a0\u00bb switch_to_one_column=\u00a0\u00bb1000&Prime;][qode_elements_holder_item vertical_alignment=\u00a0\u00bbtop\u00a0\u00bb advanced_animations=\u00a0\u00bbno\u00a0\u00bb item_padding=\u00a0\u00bb4% 4% 0 0&Prime; item_padding_1024_1280=\u00a0\u00bb7.5% 0 0 0&Prime; item_padding_768_1024=\u00a0\u00bb0 3% 0 0&Prime; item_padding_600_768=\u00a0\u00bb0 0 0 0&Prime; item_padding_480_600=\u00a0\u00bb0 0 0 0&Prime; item_padding_480=\u00a0\u00bb0 0 0 0&Prime;][vc_column_text] Commercialisez efficacement votre&#8230;<\/p>\n","protected":false},"author":1,"featured_media":0,"parent":108,"menu_order":0,"comment_status":"closed","ping_status":"closed","template":"full_width.php","meta":[],"_links":{"self":[{"href":"https:\/\/vega-pms.com\/WP\/wp-json\/wp\/v2\/pages\/329"}],"collection":[{"href":"https:\/\/vega-pms.com\/WP\/wp-json\/wp\/v2\/pages"}],"about":[{"href":"https:\/\/vega-pms.com\/WP\/wp-json\/wp\/v2\/types\/page"}],"author":[{"embeddable":true,"href":"https:\/\/vega-pms.com\/WP\/wp-json\/wp\/v2\/users\/1"}],"replies":[{"embeddable":true,"href":"https:\/\/vega-pms.com\/WP\/wp-json\/wp\/v2\/comments?post=329"}],"version-history":[{"count":5,"href":"https:\/\/vega-pms.com\/WP\/wp-json\/wp\/v2\/pages\/329\/revisions"}],"predecessor-version":[{"id":565,"href":"https:\/\/vega-pms.com\/WP\/wp-json\/wp\/v2\/pages\/329\/revisions\/565"}],"up":[{"embeddable":true,"href":"https:\/\/vega-pms.com\/WP\/wp-json\/wp\/v2\/pages\/108"}],"wp:attachment":[{"href":"https:\/\/vega-pms.com\/WP\/wp-json\/wp\/v2\/media?parent=329"}],"curies":[{"name":"wp","href":"https:\/\/api.w.org\/{rel}","templated":true}]}}