{"id":302,"date":"2016-10-17T16:31:05","date_gmt":"2016-10-17T14:31:05","guid":{"rendered":"http:\/\/quatuhore.fr\/WP\/?page_id=302"},"modified":"2023-06-07T11:43:53","modified_gmt":"2023-06-07T09:43:53","slug":"hotels","status":"publish","type":"page","link":"https:\/\/vega-pms.com\/WP\/vega\/hotels\/","title":{"rendered":"Vega &#8211; h\u00f4tels"},"content":{"rendered":"<section class=\"wpb-content-wrapper\"><p>[vc_row css_animation=\u00a0\u00bb\u00a0\u00bb row_type=\u00a0\u00bbrow\u00a0\u00bb use_row_as_full_screen_section=\u00a0\u00bbno\u00a0\u00bb type=\u00a0\u00bbgrid\u00a0\u00bb angled_section=\u00a0\u00bbno\u00a0\u00bb text_align=\u00a0\u00bbleft\u00a0\u00bb background_image_as_pattern=\u00a0\u00bbwithout_pattern\u00a0\u00bb css=\u00a0\u00bb.vc_custom_1476715002043{padding-top: 40px !important;padding-bottom: 40px !important;background-color: #ffffff !important;}\u00a0\u00bb][vc_column][qode_elements_holder number_of_columns=\u00a0\u00bbtwo_columns\u00a0\u00bb switch_to_one_column=\u00a0\u00bb1000&Prime;][qode_elements_holder_item vertical_alignment=\u00a0\u00bbtop\u00a0\u00bb advanced_animations=\u00a0\u00bbno\u00a0\u00bb item_padding=\u00a0\u00bb4% 4% 0 0&Prime; item_padding_1024_1280=\u00a0\u00bb7.5% 0 0 0&Prime; item_padding_768_1024=\u00a0\u00bb0 3% 0 0&Prime; item_padding_600_768=\u00a0\u00bb0 0 0 0&Prime; item_padding_480_600=\u00a0\u00bb0 0 0 0&Prime; item_padding_480=\u00a0\u00bb0 0 0 0&Prime;][vc_column_text]<\/p>\n<h3>G\u00e9rez efficacement et simplement vos r\u00e9servations<\/h3>\n<p>[\/vc_column_text][vc_separator type=\u00a0\u00bbtransparent\u00a0\u00bb thickness=\u00a0\u00bb0&Prime; up=\u00a0\u00bb10&Prime; down=\u00a0\u00bb0&Prime;][vc_column_text]A partir d\u2019un planning interactif par n\u00b0 ou par type de chambre, vous visualisez d\u2019un seul coup d\u2019\u0153il vos r\u00e9servations et disponibilit\u00e9s. En quelques clics, vous saisissez une nouvelle r\u00e9servation (client individuel ou groupe avec rooming-list). Votre <em>Channel Manager<\/em> est automatiquement et imm\u00e9diatement mis \u00e0 jour.[\/vc_column_text][vc_separator type=\u00a0\u00bbtransparent\u00a0\u00bb thickness=\u00a0\u00bb0&Prime; up=\u00a0\u00bb41&Prime; down=\u00a0\u00bb0&Prime;][vc_column_text]<\/p>\n<h3>G\u00e9rez vos web-r\u00e9servations avec les meilleurs partenaires<\/h3>\n<p>[\/vc_column_text][vc_separator type=\u00a0\u00bbtransparent\u00a0\u00bb thickness=\u00a0\u00bb0&Prime; up=\u00a0\u00bb10&Prime; down=\u00a0\u00bb0&Prime;][vc_column_text]Les principaux <em>Channel Manager<\/em> sont connect\u00e9s (2ways) \u00e0 VEGA. L\u2019envoi et la mise \u00e0 jour des disponibilit\u00e9s, des r\u00e9servations, des tarifs est enti\u00e8rement automatis\u00e9e et r\u00e9alis\u00e9e en temps r\u00e9el via D-Edge, Novaresa, ReservIT, E-resa, Sitemonder ou TravelClick.[\/vc_column_text][vc_separator type=\u00a0\u00bbtransparent\u00a0\u00bb thickness=\u00a0\u00bb0&Prime; up=\u00a0\u00bb41&Prime; down=\u00a0\u00bb0&Prime;][vc_column_text]<\/p>\n<h3>Communiquez avec vos clients \u2026<\/h3>\n<p>[\/vc_column_text][vc_separator type=\u00a0\u00bbtransparent\u00a0\u00bb thickness=\u00a0\u00bb0&Prime; up=\u00a0\u00bb10&Prime; down=\u00a0\u00bb0&Prime;][vc_column_text]Gr\u00e2ce \u00e0 nos emails param\u00e9trables <em>(mails de pr\u00e9-s\u00e9jour, confirmations de r\u00e9servation, facturation, enqu\u00eates de satisfaction, e-mailings, newsletter \u2026)<\/em>, vous optimisez et rationalisez la communication en fran\u00e7ais et en langues \u00e9trang\u00e8res avec vos clients, dans le parfait respect de votre charte graphique.[\/vc_column_text][vc_separator type=\u00a0\u00bbtransparent\u00a0\u00bb thickness=\u00a0\u00bb0&Prime; up=\u00a0\u00bb61&Prime; down=\u00a0\u00bb0&Prime;][\/qode_elements_holder_item][qode_elements_holder_item vertical_alignment=\u00a0\u00bbtop\u00a0\u00bb advanced_animations=\u00a0\u00bbno\u00a0\u00bb item_padding=\u00a0\u00bb4% 4% 0 0&Prime; item_padding_1024_1280=\u00a0\u00bb0 0 0 9%\u00a0\u00bb item_padding_768_1024=\u00a0\u00bb0 0 0 0&Prime; item_padding_600_768=\u00a0\u00bb0 0 0 0&Prime; item_padding_480_600=\u00a0\u00bb0 0 0 0&Prime; item_padding_480=\u00a0\u00bb0 0 0 0&Prime;][vc_column_text]<\/p>\n<h3>\u2026 mesurez et am\u00e9liorez leur satisfaction !<\/h3>\n<p>[\/vc_column_text][vc_separator type=\u00a0\u00bbtransparent\u00a0\u00bb thickness=\u00a0\u00bb0&Prime; up=\u00a0\u00bb10&Prime; down=\u00a0\u00bb0&Prime;][vc_column_text]Les connexions avec nos partenaires Customer Alliance, Olakala, Qualitelis, LoungeUp ou Guest Suite, vous permettent des analyses fines et pertinentes.[\/vc_column_text][vc_separator type=\u00a0\u00bbtransparent\u00a0\u00bb thickness=\u00a0\u00bb0&Prime; up=\u00a0\u00bb41&Prime; down=\u00a0\u00bb0&Prime;][vc_column_text]<\/p>\n<h3>Facturez vos services et optimisez vos revenus<\/h3>\n<p>[\/vc_column_text][vc_separator type=\u00a0\u00bbtransparent\u00a0\u00bb thickness=\u00a0\u00bb0&Prime; up=\u00a0\u00bb10&Prime; down=\u00a0\u00bb0&Prime;][vc_column_text]Les fonctions avanc\u00e9es de facturation automatique et manuelle, de <em>Revenue Management<\/em>, de gestion des d\u00e9biteurs\u2026 optimisent votre productivit\u00e9 et la rentabilit\u00e9 de l\u2019entreprise.[\/vc_column_text][vc_separator type=\u00a0\u00bbtransparent\u00a0\u00bb thickness=\u00a0\u00bb0&Prime; up=\u00a0\u00bb41&Prime; down=\u00a0\u00bb0&Prime;][vc_column_text]<\/p>\n<h3>Anticipez votre activit\u00e9 et analysez vos performances<\/h3>\n<p>[\/vc_column_text][vc_separator type=\u00a0\u00bbtransparent\u00a0\u00bb thickness=\u00a0\u00bb0&Prime; up=\u00a0\u00bb10&Prime; down=\u00a0\u00bb0&Prime;][vc_column_text]Les indicateurs de mont\u00e9e en charge, les pr\u00e9visionnels d\u2019activit\u00e9, de nombreux tableaux de gestion et graphiques vous permettent de suivre votre activit\u00e9 et de g\u00e9rer au plus pr\u00e8s vos chiffres d\u2019affaires et encaissements, votre occupation \u2026[\/vc_column_text][vc_separator type=\u00a0\u00bbtransparent\u00a0\u00bb thickness=\u00a0\u00bb0&Prime; up=\u00a0\u00bb41&Prime; down=\u00a0\u00bb0&Prime;][vc_column_text]<\/p>\n<h3>L\u2019essentiel des fonctions de Housekeeping<\/h3>\n<p>[\/vc_column_text][vc_separator type=\u00a0\u00bbtransparent\u00a0\u00bb thickness=\u00a0\u00bb0&Prime; up=\u00a0\u00bb10&Prime; down=\u00a0\u00bb0&Prime;][vc_column_text]La gouvernante planifie le travail (du jour et pr\u00e9visionnel sur 7 jours) des femmes de chambres(recouches, d\u00e9parts..). La consommation de linge est g\u00e9r\u00e9e, les objets perdus sont\u2026 r\u00e9pertori\u00e9s et retrouv\u00e9s, les travaux et r\u00e9parations sont communiqu\u00e9s aux \u00e9quipes techniques et \u2026 suivis.[\/vc_column_text][vc_separator type=\u00a0\u00bbtransparent\u00a0\u00bb thickness=\u00a0\u00bb0&Prime; up=\u00a0\u00bb61&Prime; down=\u00a0\u00bb0&Prime;][\/qode_elements_holder_item][\/qode_elements_holder][\/vc_column][\/vc_row][vc_row css_animation=\u00a0\u00bb\u00a0\u00bb row_type=\u00a0\u00bbrow\u00a0\u00bb use_row_as_full_screen_section=\u00a0\u00bbno\u00a0\u00bb type=\u00a0\u00bbfull_width\u00a0\u00bb angled_section=\u00a0\u00bbno\u00a0\u00bb text_align=\u00a0\u00bbleft\u00a0\u00bb background_image_as_pattern=\u00a0\u00bbwithout_pattern\u00a0\u00bb z_index=\u00a0\u00bb\u00a0\u00bb][vc_column]<div class=\"call_to_action normal\" style=\"background-color: #f57318;\"><div class=\"container_inner\"><div class=\"two_columns_75_25 clearfix\"><div class=\"text_wrapper column1\"><div class=\"call_to_action_text  font_size_inherit\" style=\"font-size:15px;\">D\u00e9couvrez les nombreuses fonctionnalit\u00e9s disponibles et demandez une <strong>pr\u00e9sentation gratuite<\/strong>, personnalis\u00e9e et sans engagement en nous appelant.<\/div><\/div><div class=\"button_wrapper column2\"><a itemprop=\"url\" href=\"callto:01 86 86 02 00\" class=\"qbutton white \" target=\"_blank\" style=\"\" >01 86 86 02 00<\/a><\/div><\/div><\/div><\/div>[\/vc_column][\/vc_row]<\/p>\n<\/section>","protected":false},"excerpt":{"rendered":"<p>[vc_row css_animation=\u00a0\u00bb\u00a0\u00bb row_type=\u00a0\u00bbrow\u00a0\u00bb use_row_as_full_screen_section=\u00a0\u00bbno\u00a0\u00bb type=\u00a0\u00bbgrid\u00a0\u00bb angled_section=\u00a0\u00bbno\u00a0\u00bb text_align=\u00a0\u00bbleft\u00a0\u00bb background_image_as_pattern=\u00a0\u00bbwithout_pattern\u00a0\u00bb css=\u00a0\u00bb.vc_custom_1476715002043{padding-top: 40px !important;padding-bottom: 40px !important;background-color: #ffffff !important;}\u00a0\u00bb][vc_column][qode_elements_holder number_of_columns=\u00a0\u00bbtwo_columns\u00a0\u00bb switch_to_one_column=\u00a0\u00bb1000&Prime;][qode_elements_holder_item vertical_alignment=\u00a0\u00bbtop\u00a0\u00bb advanced_animations=\u00a0\u00bbno\u00a0\u00bb item_padding=\u00a0\u00bb4% 4% 0 0&Prime; item_padding_1024_1280=\u00a0\u00bb7.5% 0 0 0&Prime; item_padding_768_1024=\u00a0\u00bb0 3% 0 0&Prime; item_padding_600_768=\u00a0\u00bb0 0 0 0&Prime; item_padding_480_600=\u00a0\u00bb0 0 0 0&Prime; item_padding_480=\u00a0\u00bb0 0 0 0&Prime;][vc_column_text] G\u00e9rez efficacement&#8230;<\/p>\n","protected":false},"author":1,"featured_media":0,"parent":108,"menu_order":0,"comment_status":"closed","ping_status":"closed","template":"full_width.php","meta":[],"_links":{"self":[{"href":"https:\/\/vega-pms.com\/WP\/wp-json\/wp\/v2\/pages\/302"}],"collection":[{"href":"https:\/\/vega-pms.com\/WP\/wp-json\/wp\/v2\/pages"}],"about":[{"href":"https:\/\/vega-pms.com\/WP\/wp-json\/wp\/v2\/types\/page"}],"author":[{"embeddable":true,"href":"https:\/\/vega-pms.com\/WP\/wp-json\/wp\/v2\/users\/1"}],"replies":[{"embeddable":true,"href":"https:\/\/vega-pms.com\/WP\/wp-json\/wp\/v2\/comments?post=302"}],"version-history":[{"count":5,"href":"https:\/\/vega-pms.com\/WP\/wp-json\/wp\/v2\/pages\/302\/revisions"}],"predecessor-version":[{"id":1401,"href":"https:\/\/vega-pms.com\/WP\/wp-json\/wp\/v2\/pages\/302\/revisions\/1401"}],"up":[{"embeddable":true,"href":"https:\/\/vega-pms.com\/WP\/wp-json\/wp\/v2\/pages\/108"}],"wp:attachment":[{"href":"https:\/\/vega-pms.com\/WP\/wp-json\/wp\/v2\/media?parent=302"}],"curies":[{"name":"wp","href":"https:\/\/api.w.org\/{rel}","templated":true}]}}