{"id":108,"date":"2016-02-22T13:53:46","date_gmt":"2016-02-22T13:53:46","guid":{"rendered":"http:\/\/bridge9.qodeinteractive.com\/?page_id=108"},"modified":"2024-11-26T12:04:54","modified_gmt":"2024-11-26T11:04:54","slug":"vega","status":"publish","type":"page","link":"https:\/\/vega-pms.com\/WP\/vega\/","title":{"rendered":"VEGA"},"content":{"rendered":"<section class=\"wpb-content-wrapper\"><p>[vc_row css_animation=\u00a0\u00bb\u00a0\u00bb row_type=\u00a0\u00bbrow\u00a0\u00bb use_row_as_full_screen_section=\u00a0\u00bbno\u00a0\u00bb type=\u00a0\u00bbgrid\u00a0\u00bb angled_section=\u00a0\u00bbno\u00a0\u00bb text_align=\u00a0\u00bbleft\u00a0\u00bb background_image_as_pattern=\u00a0\u00bbwithout_pattern\u00a0\u00bb css=\u00a0\u00bb.vc_custom_1476552782507{padding-top: 40px !important;padding-bottom: 40px !important;background-color: #ffffff !important;}\u00a0\u00bb][vc_column][vc_single_image image=\u00a0\u00bb1453&Prime; img_size=\u00a0\u00bb200&#215;200&Prime; alignment=\u00a0\u00bbcenter\u00a0\u00bb qode_css_animation=\u00a0\u00bb\u00a0\u00bb][vc_separator type=\u00a0\u00bbtransparent\u00a0\u00bb thickness=\u00a0\u00bb0&Prime; up=\u00a0\u00bb61&Prime; down=\u00a0\u00bb0&Prime;][vc_column_text]<\/p>\n<h2>Le logiciel VEGA<\/h2>\n<h4>Un seul et unique logiciel pour g\u00e9rer toute votre activit\u00e9<\/h4>\n<p>[\/vc_column_text][vc_separator type=\u00a0\u00bbtransparent\u00a0\u00bb thickness=\u00a0\u00bb0&Prime; up=\u00a0\u00bb32&Prime; down=\u00a0\u00bb0&Prime;][vc_column_text]Parfaitement compatible avec les l\u2019ensemble des versions de Windows, install\u00e9 en monoposte ou en r\u00e9seau, en local ou sur un serveur virtualis\u00e9 en mode <strong>cloud <\/strong>computing, VEGA est \u00e9galement \u00ab\u00a0mobile\u00a0\u00bb et peut \u00eatre utilis\u00e9 sur tablettes (Windows, Android ou Mac).<\/p>\n<p>D\u00e9velopp\u00e9 sous la forme de modules compl\u00e9mentaires enti\u00e8rement param\u00e9trables et simples d\u2019utilisation il prend en charge l\u2019int\u00e9gralit\u00e9 des besoins de gestion quotidiens de\u00a0:<\/p>\n<ul>\n<li><a href=\"http:\/\/vega-pms.com\/WP\/index.php\/vega\/hotels\/\"><strong>Votre h\u00f4tel<\/strong><\/a> et votre <a href=\"http:\/\/vega-pms.com\/WP\/index.php\/vega\/hotels\/\"><strong>web-r\u00e9servation<\/strong><\/a><\/li>\n<li><a href=\"http:\/\/vega-pms.com\/WP\/index.php\/vega\/restaurants\/\"><strong>Votre restaurant<\/strong><\/a> et vos <a href=\"http:\/\/vega-pms.com\/WP\/index.php\/vega\/restaurants\/\"><strong>stocks<\/strong><\/a><\/li>\n<li>Votre activit\u00e9 <a href=\"http:\/\/vega-pms.com\/WP\/index.php\/vega\/seminaires\/\"><strong>s\u00e9minaires<\/strong><\/a><\/li>\n<li>Votre activit\u00e9 <a href=\"http:\/\/vega-pms.com\/WP\/index.php\/vega\/spa\/\"><strong>spa<\/strong><\/a><\/li>\n<li>Votre fichier clients et votre <a href=\"http:\/\/vega-pms.com\/WP\/index.php\/vega\/gestion-commerciale\/\"><strong>gestion commerciale<\/strong><\/a><\/li>\n<\/ul>\n<p>[\/vc_column_text][vc_separator type=\u00a0\u00bbtransparent\u00a0\u00bb thickness=\u00a0\u00bb0&Prime; up=\u00a0\u00bb32&Prime; down=\u00a0\u00bb0&Prime;][\/vc_column][\/vc_row][vc_row css_animation=\u00a0\u00bb\u00a0\u00bb row_type=\u00a0\u00bbrow\u00a0\u00bb use_row_as_full_screen_section=\u00a0\u00bbno\u00a0\u00bb type=\u00a0\u00bbgrid\u00a0\u00bb angled_section=\u00a0\u00bbno\u00a0\u00bb text_align=\u00a0\u00bbleft\u00a0\u00bb background_image_as_pattern=\u00a0\u00bbwithout_pattern\u00a0\u00bb css=\u00a0\u00bb.vc_custom_1476552829198{padding-top: 40px !important;padding-bottom: 40px !important;}\u00a0\u00bb][vc_column offset=\u00a0\u00bbvc_col-lg-4 vc_col-md-4&Prime;][vc_single_image image=\u00a0\u00bb545&Prime; img_size=\u00a0\u00bbfull\u00a0\u00bb qode_css_animation=\u00a0\u00bb\u00a0\u00bb][vc_separator type=\u00a0\u00bbtransparent\u00a0\u00bb thickness=\u00a0\u00bb0&Prime; up=\u00a0\u00bb36&Prime; down=\u00a0\u00bb0&Prime;][vc_column_text]<\/p>\n<h4><a href=\"http:\/\/vega-pms.com\/WP\/index.php\/vega\/hotels\/\">H\u00f4tel<\/a><\/h4>\n<p>[\/vc_column_text][vc_separator type=\u00a0\u00bbtransparent\u00a0\u00bb thickness=\u00a0\u00bb0&Prime; up=\u00a0\u00bb23&Prime; down=\u00a0\u00bb0&Prime;][vc_column_text]Toutes les fonctionnalit\u00e9s attendues d\u2019un <strong>PMS<\/strong> moderne et efficace sont r\u00e9unies dans VEGA.[\/vc_column_text][vc_separator type=\u00a0\u00bbtransparent\u00a0\u00bb thickness=\u00a0\u00bb0&Prime; up=\u00a0\u00bb20&Prime; down=\u00a0\u00bb0&Prime;][vc_separator type=\u00a0\u00bbtransparent\u00a0\u00bb thickness=\u00a0\u00bb0&Prime; up=\u00a0\u00bb53&Prime; down=\u00a0\u00bb0&Prime;][\/vc_column][vc_column offset=\u00a0\u00bbvc_col-lg-4 vc_col-md-4&Prime;][vc_single_image image=\u00a0\u00bb546&Prime; img_size=\u00a0\u00bbfull\u00a0\u00bb qode_css_animation=\u00a0\u00bb\u00a0\u00bb][vc_separator type=\u00a0\u00bbtransparent\u00a0\u00bb thickness=\u00a0\u00bb0&Prime; up=\u00a0\u00bb36&Prime; down=\u00a0\u00bb0&Prime;][vc_column_text]<\/p>\n<h4><a href=\"http:\/\/vega-pms.com\/WP\/index.php\/vega\/restaurants\/\">Restaurant<\/a><\/h4>\n<p>[\/vc_column_text][vc_separator type=\u00a0\u00bbtransparent\u00a0\u00bb thickness=\u00a0\u00bb0&Prime; up=\u00a0\u00bb23&Prime; down=\u00a0\u00bb0&Prime;][vc_column_text]Toutes les fonctionnalit\u00e9s attendues d\u2019un <strong>POS<\/strong> et d\u2019un logiciel de gestion complet sont r\u00e9unies dans VEGA.[\/vc_column_text][vc_separator type=\u00a0\u00bbtransparent\u00a0\u00bb thickness=\u00a0\u00bb0&Prime; up=\u00a0\u00bb20&Prime; down=\u00a0\u00bb0&Prime;][vc_separator type=\u00a0\u00bbtransparent\u00a0\u00bb thickness=\u00a0\u00bb0&Prime; up=\u00a0\u00bb53&Prime; down=\u00a0\u00bb0&Prime;][\/vc_column][vc_column offset=\u00a0\u00bbvc_col-lg-4 vc_col-md-4&Prime;][vc_single_image image=\u00a0\u00bb547&Prime; img_size=\u00a0\u00bbfull\u00a0\u00bb qode_css_animation=\u00a0\u00bb\u00a0\u00bb][vc_separator type=\u00a0\u00bbtransparent\u00a0\u00bb thickness=\u00a0\u00bb0&Prime; up=\u00a0\u00bb36&Prime; down=\u00a0\u00bb0&Prime;][vc_column_text]<\/p>\n<h4><a href=\"http:\/\/vega-pms.com\/WP\/index.php\/vega\/seminaires\/\">Activit\u00e9 s\u00e9minaires<\/a><\/h4>\n<p>[\/vc_column_text][vc_separator type=\u00a0\u00bbtransparent\u00a0\u00bb thickness=\u00a0\u00bb0&Prime; up=\u00a0\u00bb23&Prime; down=\u00a0\u00bb0&Prime;][vc_column_text]A partir de 3 ou 4 salles de r\u00e9unions, vous appr\u00e9cierez les fonctions de <strong>gestion des salles<\/strong> VEGA.[\/vc_column_text][vc_separator type=\u00a0\u00bbtransparent\u00a0\u00bb thickness=\u00a0\u00bb0&Prime; up=\u00a0\u00bb20&Prime; down=\u00a0\u00bb0&Prime;][vc_separator type=\u00a0\u00bbtransparent\u00a0\u00bb thickness=\u00a0\u00bb0&Prime; up=\u00a0\u00bb53&Prime; down=\u00a0\u00bb0&Prime;][\/vc_column][\/vc_row][vc_row css_animation=\u00a0\u00bb\u00a0\u00bb row_type=\u00a0\u00bbrow\u00a0\u00bb use_row_as_full_screen_section=\u00a0\u00bbno\u00a0\u00bb type=\u00a0\u00bbgrid\u00a0\u00bb angled_section=\u00a0\u00bbno\u00a0\u00bb text_align=\u00a0\u00bbleft\u00a0\u00bb background_image_as_pattern=\u00a0\u00bbwithout_pattern\u00a0\u00bb css=\u00a0\u00bb.vc_custom_1456150829109{padding-bottom: 88px !important;}\u00a0\u00bb][vc_column offset=\u00a0\u00bbvc_col-lg-4 vc_col-md-4&Prime;][vc_single_image image=\u00a0\u00bb548&Prime; img_size=\u00a0\u00bbfull\u00a0\u00bb qode_css_animation=\u00a0\u00bb\u00a0\u00bb][vc_separator type=\u00a0\u00bbtransparent\u00a0\u00bb thickness=\u00a0\u00bb0&Prime; up=\u00a0\u00bb36&Prime; down=\u00a0\u00bb0&Prime;][vc_column_text]<\/p>\n<h4><a href=\"http:\/\/vega-pms.com\/WP\/index.php\/vega\/spa\/\">Spa<\/a><\/h4>\n<p>[\/vc_column_text][vc_separator type=\u00a0\u00bbtransparent\u00a0\u00bb thickness=\u00a0\u00bb0&Prime; up=\u00a0\u00bb23&Prime; down=\u00a0\u00bb0&Prime;][vc_column_text]D\u00e8s votre 1\u00e8re cabine de soins, g\u00e9rez vos <strong>r\u00e9servations<\/strong> et la <strong>facturation<\/strong> de soins.[\/vc_column_text][vc_separator type=\u00a0\u00bbtransparent\u00a0\u00bb thickness=\u00a0\u00bb0&Prime; up=\u00a0\u00bb20&Prime; down=\u00a0\u00bb0&Prime;][vc_separator type=\u00a0\u00bbtransparent\u00a0\u00bb thickness=\u00a0\u00bb0&Prime; up=\u00a0\u00bb53&Prime; down=\u00a0\u00bb0&Prime;][\/vc_column][vc_column offset=\u00a0\u00bbvc_col-lg-4 vc_col-md-4&Prime;][vc_single_image image=\u00a0\u00bb605&Prime; img_size=\u00a0\u00bbfull\u00a0\u00bb qode_css_animation=\u00a0\u00bb\u00a0\u00bb][vc_separator type=\u00a0\u00bbtransparent\u00a0\u00bb thickness=\u00a0\u00bb0&Prime; up=\u00a0\u00bb36&Prime; down=\u00a0\u00bb0&Prime;][vc_column_text]<\/p>\n<h4><a href=\"http:\/\/vega-pms.com\/WP\/index.php\/vega\/gestion-commerciale\/\">Gestion commerciale<\/a><\/h4>\n<p>[\/vc_column_text][vc_separator type=\u00a0\u00bbtransparent\u00a0\u00bb thickness=\u00a0\u00bb0&Prime; up=\u00a0\u00bb23&Prime; down=\u00a0\u00bb0&Prime;][vc_column_text]Exploitez votre fichier clients pour <strong>vendre<\/strong> plus et <strong>fid\u00e9liser<\/strong> votre client\u00e8le.[\/vc_column_text][vc_separator type=\u00a0\u00bbtransparent\u00a0\u00bb thickness=\u00a0\u00bb0&Prime; up=\u00a0\u00bb20&Prime; down=\u00a0\u00bb0&Prime;][vc_separator type=\u00a0\u00bbtransparent\u00a0\u00bb thickness=\u00a0\u00bb0&Prime; up=\u00a0\u00bb53&Prime; down=\u00a0\u00bb0&Prime;][\/vc_column][vc_column offset=\u00a0\u00bbvc_col-lg-4 vc_col-md-4&Prime;][vc_single_image image=\u00a0\u00bb723&Prime; img_size=\u00a0\u00bbfull\u00a0\u00bb qode_css_animation=\u00a0\u00bb\u00a0\u00bb][vc_separator type=\u00a0\u00bbtransparent\u00a0\u00bb thickness=\u00a0\u00bb0&Prime; up=\u00a0\u00bb36&Prime; down=\u00a0\u00bb0&Prime;][vc_column_text]<\/p>\n<h4><a href=\"https:\/\/vega-pms.com\/WP\/index.php\/vega\/stocks\/\">Stocks<\/a><\/h4>\n<p>[\/vc_column_text][vc_separator type=\u00a0\u00bbtransparent\u00a0\u00bb thickness=\u00a0\u00bb0&Prime; up=\u00a0\u00bb23&Prime; down=\u00a0\u00bb0&Prime;][vc_column_text]G\u00e9rez vos <strong>achats<\/strong> et vos <strong>fournisseurs<\/strong>, rentabilisez vos achats, vos fournisseurs et vos <strong>stocks<\/strong>.[\/vc_column_text][vc_separator type=\u00a0\u00bbtransparent\u00a0\u00bb thickness=\u00a0\u00bb0&Prime; up=\u00a0\u00bb20&Prime; down=\u00a0\u00bb0&Prime;][\/vc_column][\/vc_row][vc_row css_animation=\u00a0\u00bb\u00a0\u00bb row_type=\u00a0\u00bbrow\u00a0\u00bb use_row_as_full_screen_section=\u00a0\u00bbno\u00a0\u00bb type=\u00a0\u00bbfull_width\u00a0\u00bb angled_section=\u00a0\u00bbno\u00a0\u00bb text_align=\u00a0\u00bbleft\u00a0\u00bb background_image_as_pattern=\u00a0\u00bbwithout_pattern\u00a0\u00bb z_index=\u00a0\u00bb\u00a0\u00bb][vc_column][vc_column_text]<div class=\"call_to_action normal\" style=\"background-color: #f57318;\"><div class=\"container_inner\"><div class=\"two_columns_75_25 clearfix\"><div class=\"text_wrapper column1\"><div class=\"call_to_action_text  font_size_inherit\" style=\"font-size:15px;\">D\u00e9couvrez les nombreuses fonctionnalit\u00e9s disponibles et demandez une <strong>pr\u00e9sentation gratuite<\/strong>, personnalis\u00e9e et sans engagement en nous appelant.<\/div><\/div><div class=\"button_wrapper column2\"><a itemprop=\"url\" href=\"callto:01 86 86 02 00\" class=\"qbutton white \" target=\"_blank\" style=\"\" >01 86 86 02 00<\/a><\/div><\/div><\/div><\/div>[\/vc_column_text][\/vc_column][\/vc_row]<\/p>\n<\/section>","protected":false},"excerpt":{"rendered":"<p>[vc_row css_animation=\u00a0\u00bb\u00a0\u00bb row_type=\u00a0\u00bbrow\u00a0\u00bb use_row_as_full_screen_section=\u00a0\u00bbno\u00a0\u00bb type=\u00a0\u00bbgrid\u00a0\u00bb angled_section=\u00a0\u00bbno\u00a0\u00bb text_align=\u00a0\u00bbleft\u00a0\u00bb background_image_as_pattern=\u00a0\u00bbwithout_pattern\u00a0\u00bb css=\u00a0\u00bb.vc_custom_1476552782507{padding-top: 40px !important;padding-bottom: 40px !important;background-color: #ffffff !important;}\u00a0\u00bb][vc_column][vc_single_image image=\u00a0\u00bb1453&Prime; img_size=\u00a0\u00bb200&#215;200&Prime; alignment=\u00a0\u00bbcenter\u00a0\u00bb qode_css_animation=\u00a0\u00bb\u00a0\u00bb][vc_separator type=\u00a0\u00bbtransparent\u00a0\u00bb thickness=\u00a0\u00bb0&Prime; up=\u00a0\u00bb61&Prime; down=\u00a0\u00bb0&Prime;][vc_column_text] Le logiciel VEGA Un seul et unique logiciel pour g\u00e9rer toute votre activit\u00e9 [\/vc_column_text][vc_separator type=\u00a0\u00bbtransparent\u00a0\u00bb thickness=\u00a0\u00bb0&Prime; up=\u00a0\u00bb32&Prime; down=\u00a0\u00bb0&Prime;][vc_column_text]Parfaitement compatible avec les l\u2019ensemble&#8230;<\/p>\n","protected":false},"author":1,"featured_media":0,"parent":0,"menu_order":0,"comment_status":"closed","ping_status":"closed","template":"full_width.php","meta":[],"_links":{"self":[{"href":"https:\/\/vega-pms.com\/WP\/wp-json\/wp\/v2\/pages\/108"}],"collection":[{"href":"https:\/\/vega-pms.com\/WP\/wp-json\/wp\/v2\/pages"}],"about":[{"href":"https:\/\/vega-pms.com\/WP\/wp-json\/wp\/v2\/types\/page"}],"author":[{"embeddable":true,"href":"https:\/\/vega-pms.com\/WP\/wp-json\/wp\/v2\/users\/1"}],"replies":[{"embeddable":true,"href":"https:\/\/vega-pms.com\/WP\/wp-json\/wp\/v2\/comments?post=108"}],"version-history":[{"count":5,"href":"https:\/\/vega-pms.com\/WP\/wp-json\/wp\/v2\/pages\/108\/revisions"}],"predecessor-version":[{"id":1454,"href":"https:\/\/vega-pms.com\/WP\/wp-json\/wp\/v2\/pages\/108\/revisions\/1454"}],"wp:attachment":[{"href":"https:\/\/vega-pms.com\/WP\/wp-json\/wp\/v2\/media?parent=108"}],"curies":[{"name":"wp","href":"https:\/\/api.w.org\/{rel}","templated":true}]}}